{"id":763,"date":"2016-11-29T17:25:48","date_gmt":"2016-11-29T15:25:48","guid":{"rendered":"https:\/\/whichchildrenmatter.org\/?page_id=763"},"modified":"2021-06-22T16:10:09","modified_gmt":"2021-06-22T14:10:09","slug":"details","status":"publish","type":"page","link":"https:\/\/whichchildrenmatter.org\/cs\/details\/","title":{"rendered":"O n\u00e1s\/Kontakt"},"content":{"rendered":"<section class=\"section swatch-white  section-text-no-shadow section-inner-no-shadow section-normal section-opaque\"  data-label=\"\">\n    \n    <div class=\"background-overlay grid-overlay-0 \" style=\"background-color: rgba(0,0,0,0);\"><\/div>\n\n    <div class=\"container\">\n        <div class=\"row vertical-top\">\n            <div class=\"col-md-8     text-default small-screen-default\"  ><div class=\"figure  element-short-top element-short-bottom image-filter-none image-filter-onhover fade-in text-center figcaption-middle fullwidth\" data-os-animation=\"none\" data-os-animation-delay=\"0s\">\n            <a href=\"https:\/\/whichchildrenmatter.org\/app\/uploads\/2021\/02\/WCM_About2.png\" class=\"figure-image magnific image-all\" data-links=\"\" target=\"_self\">\n    \n    <img src=\"https:\/\/whichchildrenmatter.org\/app\/uploads\/2021\/02\/WCM_About2.png\"   class=\"fullwidth\" \/>        <div class=\"figure-overlay grid-overlay-0\">\n        <div class=\"figure-overlay-container\">\n                            <span class=\"figure-icon\">\n                    <svg version=\"1.1\" xmlns=\"http:\/\/www.w3.org\/2000\/svg\" xmlns:xlink=\"http:\/\/www.w3.org\/1999\/xlink\" viewBox=\"0 0 100 100\"  preserveaspectratio=\"none\">\n<g>\n\n        <line display=\"inline\" fill=\"none\"  stroke-width=\"1\" stroke-miterlimit=\"10\" x1=\"50.941\" y1=\"34.953\" x2=\"50.941\" y2=\"65.047\"\/>\n\n        <line display=\"inline\" fill=\"none\" stroke-width=\"1\" stroke-miterlimit=\"10\" x1=\"65.988\" y1=\"50\" x2=\"35.895\" y2=\"50\"\/>\n<\/g>\n<\/svg>\n                <\/span>\n                    <\/div>\n    <\/div>\n    \n            <\/a>\n    \n<\/div><\/div><div class=\"col-md-4     text-default small-screen-default\"  ><div class=\"divider-wrapper\" style=\"visibility:hidden;background-color:\">\n    <div class=\"visible-xs\" style=\"height:24px;\"><\/div>\n    <div class=\"visible-sm\" style=\"height:24px;\"><\/div>\n    <div class=\"visible-md\" style=\"height:24px;\"><\/div>\n    <div class=\"visible-lg\" style=\"height:24px;\"><\/div>\n<\/div><div class=\" element-short-top element-short-bottom\" data-os-animation=\"none\" data-os-animation-delay=\"0s\">\n    <p>I am text block. Click edit button to change this text.<\/p>\n<\/div><div class=\" element-short-top element-short-bottom\" data-os-animation=\"none\" data-os-animation-delay=\"0s\">\n    <p>I am text block. Click edit button to change this text.<\/p>\n<\/div><div class=\" element-short-top element-short-bottom\" data-os-animation=\"none\" data-os-animation-delay=\"0s\">\n    <p>I am text block. Click edit button to change this text.<\/p>\n<\/div><\/div>        <\/div>\n    <\/div>\n<\/section>\n<section class=\"section swatch-white  section-text-no-shadow section-inner-no-shadow section-normal section-opaque\"  data-label=\"\">\n    \n    <div class=\"background-overlay grid-overlay-0 \" style=\"background-color: rgba(0,0,0,0);\"><\/div>\n\n    <div class=\"container\">\n        <div class=\"row vertical-top\">\n            <div class=\"col-md-12     text-default small-screen-default\"  ><div class=\" element-short-top element-short-bottom\" data-os-animation=\"none\" data-os-animation-delay=\"0s\">\n    <p style=\"text-align: center;\">As a team, we are grateful to all we met during the making of this film &#8211; our sponsors, the experts, the educators, and above all the students &#8211; the brave ones who set about living this way each day.(Czech)<\/p>\n<\/div><\/div>        <\/div>\n    <\/div>\n<\/section>\n<section class=\"section swatch-white  section-text-no-shadow section-inner-no-shadow section-normal section-opaque\"  data-label=\"\">\n    \n    <div class=\"background-overlay grid-overlay-0 \" style=\"background-color: rgba(0,0,0,0);\"><\/div>\n\n    <div class=\"container\">\n        <div class=\"row vertical-top\">\n            <div class=\"col-md-8     text-default small-screen-default\"  ><div class=\" element-short-top element-short-bottom\" data-os-animation=\"none\" data-os-animation-delay=\"0s\">\n    <div class=\"column\">\n<p><b>Details, Team &amp; Sponsors (Czech)<\/b><\/p>\n<p>Title: Europe: Which Children Matter? Country: Czech Republic\/UK<br \/>\nLength: 75\u00a0min<br \/>\nProduction year: 2016<\/p>\n<p>Original language: English, Czech &amp; Slovak Subtitles: English\/Czech<br \/>\nOriginal format: HD<br \/>\nScreenings format: ProRes\/H264<\/p>\n<p>Producer\/ Director: Jenne Magno<br \/>\nCamera\/ Editor\/ Animation: Audun Nedrelid<br \/>\nIllustration\/ Animation: Petra Lapvetel\u00e4inen<br \/>\nSound mix: Michael Pajdak<br \/>\nSound post- production: Little M Records Studio<br \/>\nSecond camera: Ben Suri<br \/>\nEditorial consultant: Liz Barnes<br \/>\nConcept Consultants: Gwendolyn Albert, Lucie Fremlov\u00e1<br \/>\nTranslation: Klara Meissnerov\u00e1, Gwendolyn Albert<br \/>\nTitles: Lubo\u0161 Pavel, Tereza So\u0161ikov\u00e1<br \/>\nMusic: Premiumbeat.coma<br \/>\nWeb Studio: Suzanne\u2019s LivingRoom<\/p>\n<p><strong>SPECIAL THANKS TO:<\/strong><\/p>\n<p>The students, parents, educators and communities who shared their stories with us and made this lm possible.<br \/>\nPrimary School Trmice<br \/>\nRoma Education Support Trust (REST)<\/p>\n<p>Romani community of Ostrava Romani community of Leicester<\/p>\n<p><strong>CONTRIBUTORS:<\/strong><\/p>\n<p>Mark Penfold Marie Gottfriedov\u00e1 Edita Stejskalov\u00e1 Tanweer Ali<br \/>\nKl\u00e1ra Lauren\u010dikov\u00e1 Petr Tor\u00e1k<\/p>\n<p><strong>SUPPORTED BY:<\/strong><\/p>\n<p>The Foundation Open Society Institute in cooperation with the Roma Initiatives of the Open Society foundations.<\/p>\n<p>The Council of Europe -Dosta!<br \/>\nCampaign for ghting stereotypes against Roma.<\/p>\n<p><img loading=\"lazy\" class=\"alignnone wp-image-289 size-thumbnail\" src=\"https:\/\/whichchildrenmatter.org\/app\/uploads\/2016\/09\/Logo_dosta_EN_400x480-200x200.png\" alt=\"logo_dosta_en_400x480\" width=\"200\" height=\"200\" \/><img loading=\"lazy\" class=\"alignnone wp-image-287 size-thumbnail\" src=\"https:\/\/whichchildrenmatter.org\/app\/uploads\/2016\/09\/council_of_europe_400x480-200x200.png\" alt=\"council_of_europe_400x480\" width=\"200\" height=\"200\" \/><\/p>\n<\/div>\n<div class=\"page\" title=\"Page 4\">\n<div class=\"layoutArea\">\n<div class=\"column\">\n<p>Pravaha lms, a project of Pramen\u00ed ops<\/p>\n<div class=\"page\" title=\"Page 4\">\n<div class=\"layoutArea\">\n<div class=\"column\">\n<p><strong><img class=\"alignnone wp-image-776\" src=\"https:\/\/whichchildrenmatter.org\/app\/uploads\/2016\/11\/pravaha-films-logo.jpg\" alt=\"pravaha-films-logo\" width=\"200\" \/><img class=\"alignnone wp-image-779\" src=\"https:\/\/whichchildrenmatter.org\/app\/uploads\/2016\/11\/prameni-logo.jpg\" alt=\"prameni-logo\" width=\"200\" \/><\/strong><\/p>\n<p><strong>CONTACT:<\/strong><\/p>\n<p>Jenne Magno, Producer\/ Director<br \/>\njenne@prameni.org<\/p>\n<\/div>\n<\/div>\n<\/div>\n<\/div>\n<\/div>\n<\/div>\n<\/div><\/div><div class=\"col-md-4     text-default small-screen-default\"  ><div class=\"figure  element-short-top element-short-bottom image-filter-none image-filter-onhover fade-in text-center figcaption-middle fullwidth\" data-os-animation=\"none\" data-os-animation-delay=\"0s\">\n            <a href=\"https:\/\/whichchildrenmatter.org\/app\/uploads\/2016\/11\/tall-kid.jpg\" class=\"figure-image magnific image-all\" data-links=\"\" target=\"_self\">\n    \n    <img src=\"https:\/\/whichchildrenmatter.org\/app\/uploads\/2016\/11\/tall-kid-180x600.jpg\"   class=\"fullwidth\" \/>        <div class=\"figure-overlay grid-overlay-0\">\n        <div class=\"figure-overlay-container\">\n                            <span class=\"figure-icon\">\n                    <svg version=\"1.1\" xmlns=\"http:\/\/www.w3.org\/2000\/svg\" xmlns:xlink=\"http:\/\/www.w3.org\/1999\/xlink\" viewBox=\"0 0 100 100\"  preserveaspectratio=\"none\">\n<g>\n\n        <line display=\"inline\" fill=\"none\"  stroke-width=\"1\" stroke-miterlimit=\"10\" x1=\"50.941\" y1=\"34.953\" x2=\"50.941\" y2=\"65.047\"\/>\n\n        <line display=\"inline\" fill=\"none\" stroke-width=\"1\" stroke-miterlimit=\"10\" x1=\"65.988\" y1=\"50\" x2=\"35.895\" y2=\"50\"\/>\n<\/g>\n<\/svg>\n                <\/span>\n                    <\/div>\n    <\/div>\n    \n            <\/a>\n    \n<\/div><div class=\" element-short-top element-short-bottom\" data-os-animation=\"none\" data-os-animation-delay=\"0s\">\n    <p><b>Featured Experts (Czech)<\/b><span style=\"font-weight: 400;\"><br \/>\n<\/span><span style=\"font-weight: 400;\">Edita Stejskalova<\/span><span style=\"font-weight: 400;\"><br \/>\n<\/span><span style=\"font-weight: 400;\">Gwendolyn Albert<\/span><span style=\"font-weight: 400;\"><br \/>\n<\/span><span style=\"font-weight: 400;\">Klara Laurencikova<\/span><span style=\"font-weight: 400;\"><br \/>\n<\/span><span style=\"font-weight: 400;\">Tanweer Ali<\/span><span style=\"font-weight: 400;\"><br \/>\n<\/span><span style=\"font-weight: 400;\">Petr Torak<\/span><\/p>\n<\/div><\/div>        <\/div>\n    <\/div>\n<\/section>\n","protected":false},"excerpt":{"rendered":"{:en} As a team, we are grateful to all we met during the making of this film - our sponsors, the experts, the educators, and above all the students - the brave ones who set about living this way each day. Details, Team &amp; Sponsors Title: Europe: Which Children Matter? Country: Czech Republic\/UK Length: 75\u00a0min","protected":false},"author":1,"featured_media":0,"parent":0,"menu_order":4,"comment_status":"closed","ping_status":"closed","template":"","meta":[],"translation":{"provider":"WPGlobus","version":"2.5.20","language":"cs","enabled_languages":["en","cs"],"languages":{"en":{"title":true,"content":true,"excerpt":false},"cs":{"title":true,"content":true,"excerpt":false}}},"_links":{"self":[{"href":"https:\/\/whichchildrenmatter.org\/cs\/wp-json\/wp\/v2\/pages\/763"}],"collection":[{"href":"https:\/\/whichchildrenmatter.org\/cs\/wp-json\/wp\/v2\/pages"}],"about":[{"href":"https:\/\/whichchildrenmatter.org\/cs\/wp-json\/wp\/v2\/types\/page"}],"author":[{"embeddable":true,"href":"https:\/\/whichchildrenmatter.org\/cs\/wp-json\/wp\/v2\/users\/1"}],"replies":[{"embeddable":true,"href":"https:\/\/whichchildrenmatter.org\/cs\/wp-json\/wp\/v2\/comments?post=763"}],"version-history":[{"count":85,"href":"https:\/\/whichchildrenmatter.org\/cs\/wp-json\/wp\/v2\/pages\/763\/revisions"}],"predecessor-version":[{"id":1916,"href":"https:\/\/whichchildrenmatter.org\/cs\/wp-json\/wp\/v2\/pages\/763\/revisions\/1916"}],"wp:attachment":[{"href":"https:\/\/whichchildrenmatter.org\/cs\/wp-json\/wp\/v2\/media?parent=763"}],"curies":[{"name":"wp","href":"https:\/\/api.w.org\/{rel}","templated":true}]}}