{"id":442,"date":"2016-10-26T18:12:56","date_gmt":"2016-10-26T16:12:56","guid":{"rendered":"https:\/\/whichchildrenmatter.org\/?page_id=442"},"modified":"2021-03-03T15:54:12","modified_gmt":"2021-03-03T13:54:12","slug":"screen-the-film","status":"publish","type":"page","link":"https:\/\/whichchildrenmatter.org\/cs\/screen-the-film\/","title":{"rendered":"Prom\u00edt\u00e1n\u00ed filmu"},"content":{"rendered":"<section class=\"section swatch-white  section-text-no-shadow section-inner-no-shadow section-normal section-opaque\"  data-label=\"\">\n    \n    <div class=\"background-overlay grid-overlay-0 \" style=\"background-color: rgba(0,0,0,0);\"><\/div>\n\n    <div class=\"container-fullwidth\">\n        <div class=\"row vertical-top\">\n            <div class=\"col-md-12     text-default small-screen-default\"  ><div class=\" element-short-top element-short-bottom\" data-os-animation=\"none\" data-os-animation-delay=\"0s\" ><div class=\"video-wrapper feature-video\"><iframe src=\"https:\/\/player.vimeo.com\/video\/209747351\" width=\"1170\" height=\"658\" frameborder=\"0\" webkitallowfullscreen mozallowfullscreen allowfullscreen><\/iframe><\/div><\/div><\/div>        <\/div>\n    <\/div>\n<\/section>\n<section class=\"section swatch-white  section-text-no-shadow section-inner-no-shadow section-normal section-opaque\"  data-label=\"\">\n    \n    <div class=\"background-overlay grid-overlay-0 \" style=\"background-color: rgba(0,0,0,0);\"><\/div>\n\n    <div class=\"container\">\n        <div class=\"row vertical-top\">\n            <div class=\"col-md-4     text-default small-screen-default\"  ><\/div><div class=\"col-md-4     text-default small-screen-default\"  ><a href=\"\/cs\/screen-the-film-short\" class=\"btn btn-warning     element-short-top element-short-bottom\" target= \"_self\" data-os-animation=\"none\" data-os-animation-delay=\"0s \"  >\n\tKr\u00e1tk\u00fd \u010das? Zobrazit verzi s omezenou d\u00e9lkou \t<\/a>\n<\/div><div class=\"col-md-4     text-default small-screen-default\"  ><\/div>        <\/div>\n    <\/div>\n<\/section>\n<section class=\"section swatch-white  section-text-no-shadow section-inner-no-shadow section-normal section-opaque\"  data-label=\"\">\n    \n    <div class=\"background-overlay grid-overlay-0 \" style=\"background-color: rgba(0,0,0,0);\"><\/div>\n\n    <div class=\"container\">\n        <div class=\"row vertical-top\">\n            <div class=\"col-md-12     text-default small-screen-default\"  ><header class=\"text-center  element-short-top element-short-bottom not-condensed\" data-os-animation=\"none\" data-os-animation-delay=\"0s\" >\n    <h1 class=\"normal regular no-bordered-header bordered-normal\" >\n        Prom\u00edt\u00e1n\u00ed filmu &#8220;Evropa: Na kter\u00fdch d\u011btech z\u00e1le\u017e\u00ed?&#8221;    <\/h1>\n            <p class=\"normal\" >Na film se mohou pod\u00edvat pouze pozvan\u00ed. Pros\u00edme nesd\u00edlejte s nik\u00fdm obsah videa ani sv\u00e9 p\u0159ihla\u0161ovac\u00ed \u00fadaje. D\u011bkujeme za pochopen\u00ed.<\/p>\n    <\/header>\n<\/div>        <\/div>\n    <\/div>\n<\/section>\n<section class=\"section swatch-white  section-text-no-shadow section-inner-no-shadow section-normal section-opaque\"  data-label=\"\">\n    \n    <div class=\"background-overlay grid-overlay-0 \" style=\"background-color: rgba(0,0,0,0);\"><\/div>\n\n    <div class=\"container\">\n        <div class=\"row vertical-top\">\n            <div class=\"col-md-12     text-default small-screen-default\"  ><p class=\"lead text-center center  element-short-top element-short-bottom\" data-os-animation=\"none\" data-os-animation-delay=\"0s\">Film &#8220;Evropa: Na kter\u00fdch d\u011btech z\u00e1le\u017e\u00ed?&#8221; se zab\u00fdv\u00e1 motivac\u00ed a d\u016fvody, je\u017e stoj\u00ed za \u00fasp\u011bchy, kter\u00e9 p\u0159in\u00e1\u0161\u00ed multietnick\u00e9 a multikulturn\u00ed vzd\u011bl\u00e1vac\u00ed prost\u0159ed\u00ed v\u0161em d\u011btem bez ohledu na prost\u0159ed\u00ed, z n\u011bho\u017e poch\u00e1zej\u00ed.<\/p><\/div>        <\/div>\n    <\/div>\n<\/section>\n<section class=\"section swatch-white  section-text-no-shadow section-inner-no-shadow section-normal section-opaque\"  data-label=\"\">\n    \n    <div class=\"background-overlay grid-overlay-0 \" style=\"background-color: rgba(0,0,0,0);\"><\/div>\n\n    <div class=\"container\">\n        <div class=\"row vertical-top\">\n            <div class=\"col-md-12     text-default small-screen-default\"  ><div class=\"divider-wrapper\" style=\"visibility:hidden;background-color:\">\n    <div class=\"visible-xs\" style=\"height:48px;\"><\/div>\n    <div class=\"visible-sm\" style=\"height:48px;\"><\/div>\n    <div class=\"visible-md\" style=\"height:48px;\"><\/div>\n    <div class=\"visible-lg\" style=\"height:48px;\"><\/div>\n<\/div><div class=\"divider-wrapper\" style=\"visibility:visible;background-color:#9233f7\">\n    <div class=\"visible-xs\" style=\"height:1px;\"><\/div>\n    <div class=\"visible-sm\" style=\"height:1px;\"><\/div>\n    <div class=\"visible-md\" style=\"height:1px;\"><\/div>\n    <div class=\"visible-lg\" style=\"height:1px;\"><\/div>\n<\/div><div class=\"divider-wrapper\" style=\"visibility:hidden;background-color:\">\n    <div class=\"visible-xs\" style=\"height:48px;\"><\/div>\n    <div class=\"visible-sm\" style=\"height:48px;\"><\/div>\n    <div class=\"visible-md\" style=\"height:48px;\"><\/div>\n    <div class=\"visible-lg\" style=\"height:48px;\"><\/div>\n<\/div><\/div>        <\/div>\n    <\/div>\n<\/section>\n<section class=\"section swatch-white  section-text-no-shadow section-inner-no-shadow section-normal section-opaque\"  data-label=\"\">\n    \n    <div class=\"background-overlay grid-overlay-0 \" style=\"background-color: rgba(0,0,0,0);\"><\/div>\n\n    <div class=\"container\">\n        <div class=\"row vertical-top\">\n            <div class=\"col-md-6     text-default small-screen-default\"  ><div class=\" element-no-top element-short-bottom\" data-os-animation=\"none\" data-os-animation-delay=\"0s\">\n    <p>Kdo dal\u0161\u00ed by m\u011bl tento film vid\u011bt? Kde? Pro jak\u00e9 publikum se hod\u00ed?<\/p>\n<p>M\u011bli byste z\u00e1jem tento film uv\u00e9st, p\u0159\u00edpadn\u011b m\u00e1te n\u00e1pad, jak jej p\u0159edstavit \u0161ir\u0161\u00edmu publiku?<\/p>\n<p>Pros\u00edme napi\u0161te sv\u00e9 n\u00e1pady sem, d\u011bkujeme!<\/p>\n<\/div><\/div><div class=\"col-md-6     text-default small-screen-default\"  ><div role=\"form\" class=\"wpcf7\" id=\"wpcf7-f876-o1\" lang=\"en-US\" dir=\"ltr\">\n<div class=\"screen-reader-response\"><p role=\"status\" aria-live=\"polite\" aria-atomic=\"true\"><\/p> <ul><\/ul><\/div>\n<form action=\"\/cs\/wp-json\/wp\/v2\/pages\/442#wpcf7-f876-o1\" method=\"post\" class=\"wpcf7-form init\" novalidate=\"novalidate\" data-status=\"init\">\n<div style=\"display: none;\">\n<input type=\"hidden\" name=\"_wpcf7\" value=\"876\" \/>\n<input type=\"hidden\" name=\"_wpcf7_version\" value=\"5.3\" \/>\n<input type=\"hidden\" name=\"_wpcf7_locale\" value=\"en_US\" \/>\n<input type=\"hidden\" name=\"_wpcf7_unit_tag\" value=\"wpcf7-f876-o1\" \/>\n<input type=\"hidden\" name=\"_wpcf7_container_post\" value=\"0\" \/>\n<input type=\"hidden\" name=\"_wpcf7_posted_data_hash\" value=\"\" \/>\n<\/div>\n<p><label> Va\u0161e jm\u00e9no (povinn\u00fd \u00fadaj)<br \/>\n    <span class=\"wpcf7-form-control-wrap your-name\"><input type=\"text\" name=\"your-name\" value=\"\" size=\"40\" class=\"wpcf7-form-control wpcf7-text wpcf7-validates-as-required\" aria-required=\"true\" aria-invalid=\"false\" \/><\/span> <\/label><\/p>\n<p><label> V\u00e1\u0161 email (povinn\u00fd \u00fadaj)<br \/>\n    <span class=\"wpcf7-form-control-wrap your-email\"><input type=\"email\" name=\"your-email\" value=\"\" size=\"40\" class=\"wpcf7-form-control wpcf7-text wpcf7-email wpcf7-validates-as-required wpcf7-validates-as-email\" aria-required=\"true\" aria-invalid=\"false\" \/><\/span> <\/label><\/p>\n<p><label> Zpr\u00e1va<br \/>\n    <span class=\"wpcf7-form-control-wrap your-message\"><textarea name=\"your-message\" cols=\"40\" rows=\"10\" class=\"wpcf7-form-control wpcf7-textarea\" aria-invalid=\"false\"><\/textarea><\/span> <\/label><\/p>\n<p><input type=\"submit\" value=\"Odeslat\" class=\"wpcf7-form-control wpcf7-submit\" \/><\/p>\n<div class=\"wpcf7-response-output\" aria-hidden=\"true\"><\/div><\/form><\/div><\/div>        <\/div>\n    <\/div>\n<\/section>\n","protected":false},"excerpt":{"rendered":"{:en} {:}{:cs} Kr\u00e1tk\u00fd \u010das? Zobrazit verzi s omezenou d\u00e9lkou Prom\u00edt\u00e1n\u00ed filmu \"Evropa: Na kter\u00fdch d\u011btech z\u00e1le\u017e\u00ed?\" Na film se mohou pod\u00edvat pouze pozvan\u00ed. Pros\u00edme nesd\u00edlejte s nik\u00fdm obsah videa ani sv\u00e9 p\u0159ihla\u0161ovac\u00ed \u00fadaje. D\u011bkujeme za pochopen\u00ed. Film \"Evropa: Na kter\u00fdch d\u011btech z\u00e1le\u017e\u00ed?\" se zab\u00fdv\u00e1 motivac\u00ed a d\u016fvody, je\u017e stoj\u00ed za \u00fasp\u011bchy, kter\u00e9 p\u0159in\u00e1\u0161\u00ed multietnick\u00e9 a","protected":false},"author":1,"featured_media":0,"parent":0,"menu_order":0,"comment_status":"closed","ping_status":"closed","template":"","meta":[],"translation":{"provider":"WPGlobus","version":"2.5.20","language":"cs","enabled_languages":["en","cs"],"languages":{"en":{"title":true,"content":true,"excerpt":false},"cs":{"title":true,"content":true,"excerpt":false}}},"_links":{"self":[{"href":"https:\/\/whichchildrenmatter.org\/cs\/wp-json\/wp\/v2\/pages\/442"}],"collection":[{"href":"https:\/\/whichchildrenmatter.org\/cs\/wp-json\/wp\/v2\/pages"}],"about":[{"href":"https:\/\/whichchildrenmatter.org\/cs\/wp-json\/wp\/v2\/types\/page"}],"author":[{"embeddable":true,"href":"https:\/\/whichchildrenmatter.org\/cs\/wp-json\/wp\/v2\/users\/1"}],"replies":[{"embeddable":true,"href":"https:\/\/whichchildrenmatter.org\/cs\/wp-json\/wp\/v2\/comments?post=442"}],"version-history":[{"count":51,"href":"https:\/\/whichchildrenmatter.org\/cs\/wp-json\/wp\/v2\/pages\/442\/revisions"}],"predecessor-version":[{"id":1854,"href":"https:\/\/whichchildrenmatter.org\/cs\/wp-json\/wp\/v2\/pages\/442\/revisions\/1854"}],"wp:attachment":[{"href":"https:\/\/whichchildrenmatter.org\/cs\/wp-json\/wp\/v2\/media?parent=442"}],"curies":[{"name":"wp","href":"https:\/\/api.w.org\/{rel}","templated":true}]}}