{"id":19,"date":"2016-09-14T09:24:51","date_gmt":"2016-09-14T09:24:51","guid":{"rendered":"http:\/\/dev.whichchildrenmatter.org\/register-2\/"},"modified":"2016-10-26T19:12:46","modified_gmt":"2016-10-26T17:12:46","slug":"register","status":"publish","type":"page","link":"https:\/\/whichchildrenmatter.org\/cs\/register\/","title":{"rendered":"Registration"},"content":{"rendered":"<section class=\"section swatch-white  section-text-no-shadow section-inner-no-shadow section-normal section-opaque\"  data-label=\"\">\n    \n    <div class=\"background-overlay grid-overlay-0 \" style=\"background-color: rgba(0,0,0,0);\"><\/div>\n\n    <div class=\"container\">\n        <div class=\"row vertical-top\">\n            <div class=\"col-md-12     text-default small-screen-default\"  ><div class=\" element-short-top element-short-bottom\" data-os-animation=\"none\" data-os-animation-delay=\"0s\">\n    <div class=\"ms-membership-form-wrapper\"> <form id=\"ms-shortcode-register-user-form\" class=\"form-membership\" action=\"https:\/\/whichchildrenmatter.org\/cs\/register\/?action=register_user\" method=\"post\"> <input type=\"hidden\" id=\"_wpnonce\" name=\"_wpnonce\" value=\"4b2924227f\" \/><input type=\"hidden\" name=\"_wp_http_referer\" value=\"\/cs\/wp-json\/wp\/v2\/pages\/19\" \/>        <legend>Vytvo\u0159it \u00fa\u010det<\/legend> <input class=\"wpmui-field-input wpmui-hidden \" type=\"hidden\" id=\"membership_id\" name=\"membership_id\" value=\"\" \/>\t\t\t\t<div class=\"ms-form-element ms-form-element-first_name\"> <span class=\"wpmui-wrapper wpmui-input-wrapper \"><label for=\"first_name\" class=\"wpmui-field-label  wpmui-label-first_name \">Jm\u00e9no <\/label><input class=\"wpmui-field-input wpmui-text  wpmui-input-first_name\" type=\"text\" id=\"first_name\" name=\"first_name\" value=\"\"  \/><\/span>\t\t\t\t<\/div> <div class=\"ms-form-element ms-form-element-last_name\"> <span class=\"wpmui-wrapper wpmui-input-wrapper \"><label for=\"last_name\" class=\"wpmui-field-label  wpmui-label-last_name \">P\u0159\u00edjmen\u00ed <\/label><input class=\"wpmui-field-input wpmui-text  wpmui-input-last_name\" type=\"text\" id=\"last_name\" name=\"last_name\" value=\"\"  \/><\/span>\t\t\t\t<\/div> <div class=\"ms-form-element ms-form-element-username\"> <span class=\"wpmui-wrapper wpmui-input-wrapper \"><label for=\"username\" class=\"wpmui-field-label  wpmui-label-username \">U\u017eivatelsk\u00e9 jm\u00e9no <\/label><input class=\"wpmui-field-input wpmui-text  wpmui-input-username\" type=\"text\" id=\"username\" name=\"username\" value=\"\"  \/><\/span>\t\t\t\t<\/div> <div class=\"ms-form-element ms-form-element-email\"> <span class=\"wpmui-wrapper wpmui-input-wrapper \"><label for=\"email\" class=\"wpmui-field-label  wpmui-label-email \">Emailov\u00e1 adresa <\/label><input class=\"wpmui-field-input wpmui-text  wpmui-input-email\" type=\"text\" id=\"email\" name=\"email\" value=\"\"  \/><\/span>\t\t\t\t<\/div> <div class=\"ms-form-element ms-form-element-password\"> <span class=\"wpmui-wrapper wpmui-input-wrapper \"><label for=\"password\" class=\"wpmui-field-label  wpmui-label-password \">Heslo <\/label><input class=\"wpmui-field-input wpmui-password  wpmui-input-password\" type=\"password\" id=\"password\" name=\"password\" value=\"\"  \/><\/span>\t\t\t\t<\/div> <div class=\"ms-form-element ms-form-element-password2\"> <span class=\"wpmui-wrapper wpmui-input-wrapper \"><label for=\"password2\" class=\"wpmui-field-label  wpmui-label-password2 \">Potvrdit heslo <\/label><input class=\"wpmui-field-input wpmui-password  wpmui-input-password2\" type=\"password\" id=\"password2\" name=\"password2\" value=\"\"  \/><\/span>\t\t\t\t<\/div> <input class=\"wpmui-field-input wpmui-hidden \" type=\"hidden\" id=\"action\" name=\"action\" value=\"register_user\" \/><input class=\"wpmui-field-input wpmui-hidden \" type=\"hidden\" id=\"step\" name=\"step\" value=\"register_submit\" \/><div class=\"ms-extra-fields\"><\/div><button class=\"wpmui-field-input button  wpmui-submit button-primary\" type=\"submit\" id=\"register\" name=\"register\" value=\"\" >Zaregistrovat nov\u00e9ho u\u017eivatele<\/button><br><br> <a id=\"\" title=\"P\u0159ihl\u00e1sit se\" class=\"wpmui-link alignleft\" href=\"\/cs\/wp-json\/wp\/v2\/pages\/19?do-login=1\" target=\"_self\" >U\u017e m\u00e1te u\u017eivatelsk\u00fd \u00fa\u010det?<\/a>\t\t<\/form> <\/div>\n<\/div><\/div>        <\/div>\n    <\/div>\n<\/section>\n\n","protected":false},"excerpt":{"rendered":"Vytvo\u0159it \u00fa\u010det Jm\u00e9no P\u0159\u00edjmen\u00ed U\u017eivatelsk\u00e9 jm\u00e9no Emailov\u00e1 adresa Heslo Potvrdit heslo Zaregistrovat nov\u00e9ho u\u017eivatele U\u017e m\u00e1te u\u017eivatelsk\u00fd \u00fa\u010det?","protected":false},"author":1,"featured_media":0,"parent":0,"menu_order":10,"comment_status":"closed","ping_status":"closed","template":"","meta":[],"translation":{"provider":"WPGlobus","version":"2.5.20","language":"cs","enabled_languages":["en","cs"],"languages":{"en":{"title":true,"content":true,"excerpt":false},"cs":{"title":false,"content":false,"excerpt":false}}},"_links":{"self":[{"href":"https:\/\/whichchildrenmatter.org\/cs\/wp-json\/wp\/v2\/pages\/19"}],"collection":[{"href":"https:\/\/whichchildrenmatter.org\/cs\/wp-json\/wp\/v2\/pages"}],"about":[{"href":"https:\/\/whichchildrenmatter.org\/cs\/wp-json\/wp\/v2\/types\/page"}],"author":[{"embeddable":true,"href":"https:\/\/whichchildrenmatter.org\/cs\/wp-json\/wp\/v2\/users\/1"}],"replies":[{"embeddable":true,"href":"https:\/\/whichchildrenmatter.org\/cs\/wp-json\/wp\/v2\/comments?post=19"}],"version-history":[{"count":5,"href":"https:\/\/whichchildrenmatter.org\/cs\/wp-json\/wp\/v2\/pages\/19\/revisions"}],"predecessor-version":[{"id":1639,"href":"https:\/\/whichchildrenmatter.org\/cs\/wp-json\/wp\/v2\/pages\/19\/revisions\/1639"}],"wp:attachment":[{"href":"https:\/\/whichchildrenmatter.org\/cs\/wp-json\/wp\/v2\/media?parent=19"}],"curies":[{"name":"wp","href":"https:\/\/api.w.org\/{rel}","templated":true}]}}